{"id":638,"date":"2026-03-19T14:45:43","date_gmt":"2026-03-19T17:45:43","guid":{"rendered":"https:\/\/difusao.tech\/blog\/?page_id=638"},"modified":"2026-03-19T14:45:43","modified_gmt":"2026-03-19T17:45:43","slug":"simulados-para-certificacao","status":"publish","type":"page","link":"https:\/\/difusao.tech\/blog\/simulados-para-certificacao\/","title":{"rendered":"Simulados Para Certifica\u00e7\u00e3o"},"content":{"rendered":"<div class=\"wp-block-image\">\n<figure class=\"aligncenter size-full\"><img loading=\"lazy\" decoding=\"async\" width=\"259\" height=\"261\" src=\"https:\/\/difusao.tech\/blog\/wp-content\/uploads\/2025\/05\/image-7.png\" alt=\"\" class=\"wp-image-639\" srcset=\"https:\/\/difusao.tech\/blog\/wp-content\/uploads\/2025\/05\/image-7.png 259w, https:\/\/difusao.tech\/blog\/wp-content\/uploads\/2025\/05\/image-7-150x150.png 150w\" sizes=\"auto, (max-width: 259px) 100vw, 259px\" \/><\/figure>\n<\/div>\n\n\n<p>Simulados para ajudar no seus estudos para as certifcia\u00e7\u00f5es.<\/p>\n\n\n\n<p class=\"has-text-align-center\">Isen\u00e7\u00f5es de responsabilidade:<br>\u2013 O site Difus\u00e3o Tech n\u00e3o est\u00e1 relacionado, afiliado, endossado ou autorizado a certificar por nenhuma das empresas abaixo.<br>\u2013 Marcas registradas, certifica\u00e7\u00f5es e nomes de produtos s\u00e3o usados \u200b\u200bapenas para refer\u00eancia e pertencem as suas respectivas empresas.<\/p>\n\n\n\n<p>Bons estudos.<\/p>\n\n\n\n<p class=\"has-large-font-size\"><strong>AWS<\/strong> <\/p>\n\n\n\n<figure class=\"wp-block-embed is-type-wp-embed is-provider-difus-o-tech wp-block-embed-difus-o-tech\"><div class=\"wp-block-embed__wrapper\">\n<blockquote class=\"wp-embedded-content\" data-secret=\"k54TwnBZEu\"><a href=\"https:\/\/difusao.tech\/blog\/aws-aif-c01-10-questoes\/\">AWS AIF-C01 10 Quest\u00f5es<\/a><\/blockquote><iframe loading=\"lazy\" class=\"wp-embedded-content\" sandbox=\"allow-scripts\" security=\"restricted\" style=\"position: absolute; visibility: hidden;\" title=\"&#8220;AWS AIF-C01 10 Quest\u00f5es&#8221; &#8212; Difus\u00e3o Tech\" src=\"https:\/\/difusao.tech\/blog\/aws-aif-c01-10-questoes\/embed\/#?secret=nNO4UsGapD#?secret=k54TwnBZEu\" data-secret=\"k54TwnBZEu\" width=\"600\" height=\"338\" frameborder=\"0\" marginwidth=\"0\" marginheight=\"0\" scrolling=\"no\"><\/iframe>\n<\/div><\/figure>\n\n\n\n<figure class=\"wp-block-embed is-type-wp-embed is-provider-difus-o-tech wp-block-embed-difus-o-tech\"><div class=\"wp-block-embed__wrapper\">\n<blockquote class=\"wp-embedded-content\" data-secret=\"pLBSekH8tX\"><a href=\"https:\/\/difusao.tech\/blog\/simulado-rapido-aws-clf-c02-20-questoes\/\">AWS CLF-C02 20 Quest\u00f5es<\/a><\/blockquote><iframe loading=\"lazy\" class=\"wp-embedded-content\" sandbox=\"allow-scripts\" security=\"restricted\" style=\"position: absolute; visibility: hidden;\" title=\"&#8220;AWS CLF-C02 20 Quest\u00f5es&#8221; &#8212; Difus\u00e3o Tech\" src=\"https:\/\/difusao.tech\/blog\/simulado-rapido-aws-clf-c02-20-questoes\/embed\/#?secret=AnJaA2EdAB#?secret=pLBSekH8tX\" data-secret=\"pLBSekH8tX\" width=\"600\" height=\"338\" frameborder=\"0\" marginwidth=\"0\" marginheight=\"0\" scrolling=\"no\"><\/iframe>\n<\/div><\/figure>\n\n\n\n<figure class=\"wp-block-embed is-type-wp-embed is-provider-difus-o-tech wp-block-embed-difus-o-tech\"><div class=\"wp-block-embed__wrapper\">\n<blockquote class=\"wp-embedded-content\" data-secret=\"cnyy9T7iOM\"><a href=\"https:\/\/difusao.tech\/blog\/simulado-rapido-aws-saa-c03-20-questoes\/\">AWS SAA-C03 20 Quest\u00f5es<\/a><\/blockquote><iframe loading=\"lazy\" class=\"wp-embedded-content\" sandbox=\"allow-scripts\" security=\"restricted\" style=\"position: absolute; visibility: hidden;\" title=\"&#8220;AWS SAA-C03 20 Quest\u00f5es&#8221; &#8212; Difus\u00e3o Tech\" src=\"https:\/\/difusao.tech\/blog\/simulado-rapido-aws-saa-c03-20-questoes\/embed\/#?secret=a9r375iTqt#?secret=cnyy9T7iOM\" data-secret=\"cnyy9T7iOM\" width=\"600\" height=\"338\" frameborder=\"0\" marginwidth=\"0\" marginheight=\"0\" scrolling=\"no\"><\/iframe>\n<\/div><\/figure>\n\n\n\n<p class=\"has-large-font-size\"><strong>ITIL<\/strong><\/p>\n\n\n\n<figure class=\"wp-block-embed is-type-wp-embed is-provider-difus-o-tech wp-block-embed-difus-o-tech\"><div class=\"wp-block-embed__wrapper\">\n<blockquote class=\"wp-embedded-content\" data-secret=\"0RS4IfUgSL\"><a href=\"https:\/\/difusao.tech\/blog\/itilfnd-v4-itil-foundation-20-questoes\/\">ITILFND V4 &#8211; ITIL Foundation 20 Quest\u00f5es<\/a><\/blockquote><iframe loading=\"lazy\" class=\"wp-embedded-content\" sandbox=\"allow-scripts\" security=\"restricted\" style=\"position: absolute; visibility: hidden;\" title=\"&#8220;ITILFND V4 &#8211; ITIL Foundation 20 Quest\u00f5es&#8221; &#8212; Difus\u00e3o Tech\" src=\"https:\/\/difusao.tech\/blog\/itilfnd-v4-itil-foundation-20-questoes\/embed\/#?secret=FRu2GXDDeU#?secret=0RS4IfUgSL\" data-secret=\"0RS4IfUgSL\" width=\"600\" height=\"338\" frameborder=\"0\" marginwidth=\"0\" marginheight=\"0\" scrolling=\"no\"><\/iframe>\n<\/div><\/figure>\n\n\n\n<p class=\"has-large-font-size\"><strong>Microsoft<\/strong><\/p>\n\n\n\n<p><\/p>\n\n\n\n<p><\/p>\n\n\n\n<p><\/p>\n","protected":false},"excerpt":{"rendered":"<p>Simulados para ajudar no seus estudos para as certifcia\u00e7\u00f5es. Isen\u00e7\u00f5es de responsabilidade:\u2013 O site Difus\u00e3o Tech n\u00e3o est\u00e1<\/p>\n","protected":false},"author":1,"featured_media":0,"parent":0,"menu_order":0,"comment_status":"closed","ping_status":"closed","template":"","meta":{"footnotes":""},"class_list":["post-638","page","type-page","status-publish","hentry"],"_links":{"self":[{"href":"https:\/\/difusao.tech\/blog\/wp-json\/wp\/v2\/pages\/638","targetHints":{"allow":["GET"]}}],"collection":[{"href":"https:\/\/difusao.tech\/blog\/wp-json\/wp\/v2\/pages"}],"about":[{"href":"https:\/\/difusao.tech\/blog\/wp-json\/wp\/v2\/types\/page"}],"author":[{"embeddable":true,"href":"https:\/\/difusao.tech\/blog\/wp-json\/wp\/v2\/users\/1"}],"replies":[{"embeddable":true,"href":"https:\/\/difusao.tech\/blog\/wp-json\/wp\/v2\/comments?post=638"}],"version-history":[{"count":1,"href":"https:\/\/difusao.tech\/blog\/wp-json\/wp\/v2\/pages\/638\/revisions"}],"predecessor-version":[{"id":695,"href":"https:\/\/difusao.tech\/blog\/wp-json\/wp\/v2\/pages\/638\/revisions\/695"}],"wp:attachment":[{"href":"https:\/\/difusao.tech\/blog\/wp-json\/wp\/v2\/media?parent=638"}],"curies":[{"name":"wp","href":"https:\/\/api.w.org\/{rel}","templated":true}]}}